{"id":13,"date":"2019-06-25T11:00:09","date_gmt":"2019-06-25T11:00:09","guid":{"rendered":"http:\/\/icftl.ulk.ist\/2019\/?page_id=13"},"modified":"2019-09-12T11:21:00","modified_gmt":"2019-09-12T11:21:00","slug":"keynote","status":"publish","type":"page","link":"http:\/\/icftl.ulk.ist\/2019\/keynote\/","title":{"rendered":"Keynote"},"content":{"rendered":"<div id=\"pl-gb13-69d02ab35003b\"  class=\"panel-layout\" ><div id=\"pg-gb13-69d02ab35003b-0\"  class=\"panel-grid panel-no-style\" ><div id=\"pgc-gb13-69d02ab35003b-0-0\"  class=\"panel-grid-cell\" ><div id=\"panel-gb13-69d02ab35003b-0-0-0\" class=\"so-panel widget widget_sow-editor panel-first-child panel-last-child\" data-index=\"0\" ><div class=\"so-widget-sow-editor so-widget-sow-editor-base\">\n<div class=\"siteorigin-widget-tinymce textwidget\">\n\t<p><!-- wp:paragraph --><\/p>\n<ul>\n<li>Prof. \u00d6zcan K\u0131l\u0131\u00e7, PhD., University of Wisconsin-River Falls, River Falls, WI, USA<\/li>\n<li><!-- \/wp:paragraph --> <!-- wp:paragraph -->Prof. Osamah AlKhazali, Ph.D, American University of Sharjah, UAE<\/li>\n<li>Assist. Prof. Jabir Arif, PhD., Ecole Nationale des Sciences Appliqu\u00e9es de T\u00e9touan, Morocco<\/li>\n<li>Arvind Upadhyay, PhD., University of Brighton, UK<\/li>\n<\/ul>\n<p>&nbsp;<\/p>\n<p><!-- \/wp:paragraph --><\/p>\n<\/div>\n<\/div><\/div><\/div><div id=\"pgc-gb13-69d02ab35003b-0-1\"  class=\"panel-grid-cell\" ><div id=\"panel-gb13-69d02ab35003b-0-1-0\" class=\"so-panel widget widget_sow-editor panel-first-child panel-last-child\" data-index=\"1\" ><div class=\"so-widget-sow-editor so-widget-sow-editor-base\">\n<div class=\"siteorigin-widget-tinymce textwidget\">\n\t<h4 style=\"text-align: center;\">Workshop<\/h4>\n<p style=\"text-align: center;\"><!-- wp:heading {\"level\":3} -->&#8220;<strong>How to build an academic career and publish<\/strong>&#8220;<\/p>\n<p style=\"text-align: center;\">Arvind Upadhyay, Ph.D.*<\/p>\n<p style=\"text-align: center;\">University of Brighton, United Kingdom<\/p>\n<p style=\"text-align: center;\">* <span class=\"x-el x-el-span px_-ff-_Josefin_Slab___Rockwell__Georgia__serif px_-fs-16 _mdpx_-fs-16 _lgpx_-fs-16 x-d-ux\" data-ux=\"Element\">Dr. Arvind Upadhyay has a PhD in Logistics and Supply Chain Management and a Senior Fellowship in Higher Education Academy (HEA), United Kingdom<\/span><\/p>\n<p>&nbsp;<\/p>\n<\/div>\n<\/div><\/div><\/div><\/div><\/div>","protected":false},"excerpt":{"rendered":"<p>Prof. \u00d6zcan K\u0131l\u0131\u00e7, PhD., University of Wisconsin-River Falls, River Falls, WI, USA Prof. Osamah AlKhazali, Ph.D, American University of Sharjah, [&hellip;]<\/p>\n","protected":false},"author":1,"featured_media":0,"parent":0,"menu_order":0,"comment_status":"closed","ping_status":"closed","template":"page-templates\/full-width.php","meta":[],"_links":{"self":[{"href":"http:\/\/icftl.ulk.ist\/2019\/wp-json\/wp\/v2\/pages\/13"}],"collection":[{"href":"http:\/\/icftl.ulk.ist\/2019\/wp-json\/wp\/v2\/pages"}],"about":[{"href":"http:\/\/icftl.ulk.ist\/2019\/wp-json\/wp\/v2\/types\/page"}],"author":[{"embeddable":true,"href":"http:\/\/icftl.ulk.ist\/2019\/wp-json\/wp\/v2\/users\/1"}],"replies":[{"embeddable":true,"href":"http:\/\/icftl.ulk.ist\/2019\/wp-json\/wp\/v2\/comments?post=13"}],"version-history":[{"count":12,"href":"http:\/\/icftl.ulk.ist\/2019\/wp-json\/wp\/v2\/pages\/13\/revisions"}],"predecessor-version":[{"id":159,"href":"http:\/\/icftl.ulk.ist\/2019\/wp-json\/wp\/v2\/pages\/13\/revisions\/159"}],"wp:attachment":[{"href":"http:\/\/icftl.ulk.ist\/2019\/wp-json\/wp\/v2\/media?parent=13"}],"curies":[{"name":"wp","href":"https:\/\/api.w.org\/{rel}","templated":true}]}}