{"id":42,"date":"2019-06-25T11:36:34","date_gmt":"2019-06-25T11:36:34","guid":{"rendered":"http:\/\/icftl.ulk.ist\/2019\/?page_id=42"},"modified":"2019-09-17T08:09:21","modified_gmt":"2019-09-17T08:09:21","slug":"committees","status":"publish","type":"page","link":"http:\/\/icftl.ulk.ist\/2019\/committees\/","title":{"rendered":"Committees"},"content":{"rendered":"<div id=\"pl-gb42-69de1e913b5fb\"  class=\"panel-layout\" ><div id=\"pg-gb42-69de1e913b5fb-0\"  class=\"panel-grid panel-no-style\" ><div id=\"pgc-gb42-69de1e913b5fb-0-0\"  class=\"panel-grid-cell\" ><div id=\"panel-gb42-69de1e913b5fb-0-0-0\" class=\"so-panel widget widget_sow-editor panel-first-child panel-last-child\" data-index=\"0\" ><div class=\"so-widget-sow-editor so-widget-sow-editor-base\">\n<div class=\"siteorigin-widget-tinymce textwidget\">\n\t<h4>Scientific Committee<\/h4>\n<ul>\n<li>Prof. A. G\u00fcldem Cerit, PhD., Dokuz Eyl\u00fcl University, Turkey<\/li>\n<li>Prof. Abdullah Okumu\u015f, PhD., \u0130stanbul University, Turkey<\/li>\n<li>Prof. Adem \u00dcz\u00fcmc\u00fc, PhD., Kafkas University, Turkey<\/li>\n<li>Prof. Ahmet Cevat Acar, PhD., \u0130stanbul University, Turkey<\/li>\n<li>Prof. Erg\u00fcn Ero\u011flu, PhD., \u0130stanbul University, Turkey<\/li>\n<li>Prof. Erol \u0130nce, PhD., \u0130stanbul University Cerrahpa\u015fa, Turkey<\/li>\n<li>Prof. Fehim Bak\u0131rc\u0131, PhD., Atat\u00fcrk University, Turkey<\/li>\n<li>Prof. Gareth W. Peters, PhD., Heriot-Watt University, United Kingdom<\/li>\n<li>Prof. Halim Kazan, PhD., \u0130stanbul University, Turkey<\/li>\n<li>Prof. Haluk Alkan, PhD., \u0130stanbul University, Turkey<\/li>\n<li>Prof. Mehmet Adak, PhD., \u0130stanbul University, Turkey<\/li>\n<li>Prof. Mehmet Bilgin, PhD., \u0130stanbul University Cerrahpa\u015fa, Turkey<\/li>\n<li>Prof. Nail Y\u0131lmaz, PhD., Marmara University, Turkey<\/li>\n<li>Prof. Orhan K\u00fc\u00e7\u00fck, PhD., Kastamonu University, Turkey<\/li>\n<li>Prof. Osamah AlKhazali, Ph.D, American University of Sharjah, UAE<\/li>\n<li>Prof. \u00d6mer Torlak, PhD., Eski\u015fehir Osmangazi University, Turkey<\/li>\n<li>Prof. \u00d6zcan K\u0131l\u0131\u00e7, PhD., University of Wisconsin-River Falls, River Falls, WI, USA<\/li>\n<li>Prof. Rasim \u0130lker G\u00f6kbulut, PhD., \u0130stanbul University, Turkey<\/li>\n<li>Prof. Talha Harcar, PhD., Penn State University, Pennsylvania, USA<\/li>\n<li>Prof. Van Son Lai, PhD., Laval University, Canada<\/li>\n<li>Assoc. Prof. Adem Karaka\u015f, PhD., Adnan Menderes University, Turkey<\/li>\n<li>Assoc. Prof. Abdullah Tak\u0131m, PhD., Ataturk University, Turkey<\/li>\n<li>Assoc. Prof. Ali \u00d6zg\u00fcr Karag\u00fclle, PhD., \u0130stanbul University, Turkey<\/li>\n<li>Assoc. Prof. Burcu Ad\u0131g\u00fczel Mercang\u00f6z, PhD., \u0130stanbul University, Turkey<\/li>\n<li>Assoc. Prof. Burcu \u00d6zge \u00d6zaslan \u00c7al\u0131\u015fkan, PhD., \u0130stanbul University, Turkey<\/li>\n<li>Assoc. Prof. Edyta Gheribi, PhD., University of Lodz, Poland<\/li>\n<li>Assoc. Prof. Ebru Demirci, PhD., \u0130stanbul University, Turkey<\/li>\n<li>Assoc. Prof. G\u00fcltekin Altunta\u015f, PhD., \u0130stanbul University, Turkey<\/li>\n<li>Assoc. Prof. Khalid Khan, PhD., Qilu University of Technology, China<\/li>\n<li>Assoc. Prof. Onur Dikmenli, PhD., \u0130stanbul University, Turkey<\/li>\n<li>Assist. Prof. Abit Bal\u0131n, PhD., \u0130stanbul University, Turkey<\/li>\n<li>Assist. Prof. Aytu\u011f S\u00f6zer, PhD., Yalova University, Turkey<\/li>\n<li>Assist. Prof. Jabir Arif, PhD., Ecole Nationale des Sciences Appliqu\u00e9es de T\u00e9touan, Morocco<\/li>\n<li>Assist. Prof. Cebrail Meydan, PhD., Adnan Menderes University, Turkey<\/li>\n<li>Assist. Prof. Mustafa Can, PhD., \u0130stanbul University, Turkey<\/li>\n<li>Assist. Prof. Seyed Alireza Athari, PhD., Girne American University, North Cyprus<\/li>\n<li>Assist. Prof. Serap Kiremitci, PhD., \u0130stanbul University, Turkey<\/li>\n<li>Assist. Prof. Turkay \u00d6zdemir, PhD., \u0130stanbul University, Turkey<\/li>\n<li>Arvind Upadhyay, PhD., University of Brighton, UK<\/li>\n<\/ul>\n<\/div>\n<\/div><\/div><\/div><div id=\"pgc-gb42-69de1e913b5fb-0-1\"  class=\"panel-grid-cell\" ><div id=\"panel-gb42-69de1e913b5fb-0-1-0\" class=\"so-panel widget widget_sow-editor panel-first-child panel-last-child\" data-index=\"1\" ><div class=\"so-widget-sow-editor so-widget-sow-editor-base\">\n<div class=\"siteorigin-widget-tinymce textwidget\">\n\t<h4>Organization Committee<\/h4>\n<ul>\n<li>Prof. Abdullah Okumu\u015f, PhD., \u0130stanbul University, Turkey<\/li>\n<li>Prof. Erg\u00fcn Ero\u011flu, PhD., \u0130stanbul University, Turkey<\/li>\n<li>Assoc. Prof. Ebru Demirci, PhD., \u0130stanbul University, Turkey<\/li>\n<li>Assoc. Prof. Burcu Ad\u0131g\u00fczel Mercang\u00f6z, PhD., \u0130stanbul University, Turkey<\/li>\n<li>Bahad\u0131r Fatih Y\u0131ld\u0131r\u0131m, PhD., \u0130stanbul University, Turkey<\/li>\n<\/ul>\n<\/div>\n<\/div><\/div><\/div><\/div><\/div>","protected":false},"excerpt":{"rendered":"<p>Scientific Committee Prof. A. G\u00fcldem Cerit, PhD., Dokuz Eyl\u00fcl University, Turkey Prof. Abdullah Okumu\u015f, PhD., \u0130stanbul University, Turkey Prof. Adem [&hellip;]<\/p>\n","protected":false},"author":1,"featured_media":0,"parent":0,"menu_order":0,"comment_status":"closed","ping_status":"closed","template":"","meta":[],"_links":{"self":[{"href":"http:\/\/icftl.ulk.ist\/2019\/wp-json\/wp\/v2\/pages\/42"}],"collection":[{"href":"http:\/\/icftl.ulk.ist\/2019\/wp-json\/wp\/v2\/pages"}],"about":[{"href":"http:\/\/icftl.ulk.ist\/2019\/wp-json\/wp\/v2\/types\/page"}],"author":[{"embeddable":true,"href":"http:\/\/icftl.ulk.ist\/2019\/wp-json\/wp\/v2\/users\/1"}],"replies":[{"embeddable":true,"href":"http:\/\/icftl.ulk.ist\/2019\/wp-json\/wp\/v2\/comments?post=42"}],"version-history":[{"count":21,"href":"http:\/\/icftl.ulk.ist\/2019\/wp-json\/wp\/v2\/pages\/42\/revisions"}],"predecessor-version":[{"id":182,"href":"http:\/\/icftl.ulk.ist\/2019\/wp-json\/wp\/v2\/pages\/42\/revisions\/182"}],"wp:attachment":[{"href":"http:\/\/icftl.ulk.ist\/2019\/wp-json\/wp\/v2\/media?parent=42"}],"curies":[{"name":"wp","href":"https:\/\/api.w.org\/{rel}","templated":true}]}}