{"id":73,"date":"2019-06-25T12:44:39","date_gmt":"2019-06-25T12:44:39","guid":{"rendered":"http:\/\/icftl.ulk.ist\/2019\/?page_id=73"},"modified":"2019-09-12T22:10:02","modified_gmt":"2019-09-12T22:10:02","slug":"submission","status":"publish","type":"page","link":"http:\/\/icftl.ulk.ist\/2019\/general-information\/submission\/","title":{"rendered":"Submission"},"content":{"rendered":"<div id=\"pl-gb73-69de21a063568\"  class=\"panel-layout\" ><div id=\"pg-gb73-69de21a063568-0\"  class=\"panel-grid panel-no-style\" ><div id=\"pgc-gb73-69de21a063568-0-0\"  class=\"panel-grid-cell\" ><div id=\"panel-gb73-69de21a063568-0-0-0\" class=\"so-panel widget widget_sow-editor panel-first-child panel-last-child\" data-index=\"0\" ><div class=\"so-widget-sow-editor so-widget-sow-editor-base\">\n<div class=\"siteorigin-widget-tinymce textwidget\">\n\t<form enctype=\"multipart\/form-data\" class=\"fm-form\" method=\"post\" action=\"http:\/\/icftl.ulk.ist\/2019\/general-information\/submission\/\" name=\"fm-form-1\" id=\"fm-form-1\" autocomplete=\"on\" >\n\n\t<fieldset>\t\n\t\t\t\t\t\t\t\t\t<legend>Submission<\/legend>\n\t\t\t\t\t\t\t\n\t\t<ul>\n\t\t\t\t\t\t<li id=\"fm-item-custom_list-5d134cffe0398\">\n\t\t\t\t\t\t\t\t\t<table><tr>\n\t\t\t\t\t\t<td style=\"width:200px\"><label>Submission Type&nbsp;<em>*<\/em><\/label><\/td>\n\t\t\t\t\t\t<td><select name=\"custom_list-5d134cffe0398\" id=\"custom_list-5d134cffe0398\" style=\"width:px;\" ><option value=\"0\">&#8230;<\/option><option value=\"1\">Abstract<\/option><option value=\"2\">Full Text<\/option><\/select><input type=\"hidden\" id=\"custom_list-5d134cffe0398-list-style\" value=\"select\" \/><input type=\"hidden\" id=\"custom_list-5d134cffe0398-count\" value=\"2\" \/><\/td>\n\t\t\t\t\t<\/tr><\/table>\n\t\t\t\t\t\t\t<\/li>\n\t\t\t\t\t\t<li id=\"fm-item-custom_list-5d135320377e9\">\n\t\t\t\t\t\t\t\t\t<table><tr>\n\t\t\t\t\t\t<td style=\"width:200px\"><label>Submission Language&nbsp;<em>*<\/em><\/label><\/td>\n\t\t\t\t\t\t<td><select name=\"custom_list-5d135320377e9\" id=\"custom_list-5d135320377e9\" style=\"width:px;\" ><option value=\"0\">&#8230;<\/option><option value=\"1\">English<\/option><option value=\"2\">Turkish<\/option><\/select><input type=\"hidden\" id=\"custom_list-5d135320377e9-list-style\" value=\"select\" \/><input type=\"hidden\" id=\"custom_list-5d135320377e9-count\" value=\"2\" \/><\/td>\n\t\t\t\t\t<\/tr><\/table>\n\t\t\t\t\t\t\t<\/li>\n\t\t\t\t\t\t<li id=\"fm-item-custom_list-5d13510484f4a\">\n\t\t\t\t\t\t\t\t\t<table><tr>\n\t\t\t\t\t\t<td style=\"width:200px\"><label>Number of Author(s)&nbsp;<em>*<\/em><\/label><\/td>\n\t\t\t\t\t\t<td><select name=\"custom_list-5d13510484f4a\" id=\"custom_list-5d13510484f4a\" style=\"width:px;\" ><option value=\"0\">&#8230;<\/option><option value=\"1\">1<\/option><option value=\"2\">2<\/option><option value=\"3\">3<\/option><option value=\"4\">4<\/option><\/select><input type=\"hidden\" id=\"custom_list-5d13510484f4a-list-style\" value=\"select\" \/><input type=\"hidden\" id=\"custom_list-5d13510484f4a-count\" value=\"4\" \/><\/td>\n\t\t\t\t\t<\/tr><\/table>\n\t\t\t\t\t\t\t<\/li>\n\t\t\t\t\t\t<li id=\"fm-item-separator-5d13523e36686\">\n\t\t\t\t\t\t\t\t\t<table><tr>\n\t\t\t\t\t\t<td style=\"width:200px\"><label>1. Author <\/label><\/td>\n\t\t\t\t\t\t<td><hr \/><\/td>\n\t\t\t\t\t<\/tr><\/table>\n\t\t\t\t\t\t\t<\/li>\n\t\t\t\t\t\t<li id=\"fm-item-custom_list-5d135bb8da095\">\n\t\t\t\t\t\t\t\t\t<table><tr>\n\t\t\t\t\t\t<td style=\"width:200px\"><label>Title&nbsp;<em>*<\/em><\/label><\/td>\n\t\t\t\t\t\t<td><select name=\"custom_list-5d135bb8da095\" id=\"custom_list-5d135bb8da095\" style=\"width:px;\" ><option value=\"0\">&#8230;<\/option><option value=\"1\">Prof.<\/option><option value=\"2\">Assoc. Prof.<\/option><option value=\"3\">Assist. Prof.<\/option><option value=\"4\">Ph.D.<\/option><option value=\"5\">Research Assistant<\/option><option value=\"6\">Lecturer<\/option><option value=\"7\">Mr.<\/option><option value=\"8\">Mrs.<\/option><\/select><input type=\"hidden\" id=\"custom_list-5d135bb8da095-list-style\" value=\"select\" \/><input type=\"hidden\" id=\"custom_list-5d135bb8da095-count\" value=\"8\" \/><\/td>\n\t\t\t\t\t<\/tr><\/table>\n\t\t\t\t\t\t\t<\/li>\n\t\t\t\t\t\t<li id=\"fm-item-text-5d13512ad936b\">\n\t\t\t\t\t\t\t\t\t<table><tr>\n\t\t\t\t\t\t<td style=\"width:200px\"><label>Name Surname&nbsp;<em>*<\/em><\/label><\/td>\n\t\t\t\t\t\t<td><input type=\"text\" name=\"text-5d13512ad936b\" id=\"text-5d13512ad936b\" style=\"width:300px;\" placeholder=\"\" \/><\/td>\n\t\t\t\t\t<\/tr><\/table>\n\t\t\t\t\t\t\t<\/li>\n\t\t\t\t\t\t<li id=\"fm-item-text-5d13512d71c80\">\n\t\t\t\t\t\t\t\t\t<table><tr>\n\t\t\t\t\t\t<td style=\"width:200px\"><label>Affilation&nbsp;<em>*<\/em><\/label><\/td>\n\t\t\t\t\t\t<td><input type=\"text\" name=\"text-5d13512d71c80\" id=\"text-5d13512d71c80\" style=\"width:300px;\" placeholder=\"\" \/><\/td>\n\t\t\t\t\t<\/tr><\/table>\n\t\t\t\t\t\t\t<\/li>\n\t\t\t\t\t\t<li id=\"fm-item-text-5d13512e50308\">\n\t\t\t\t\t\t\t\t\t<table><tr>\n\t\t\t\t\t\t<td style=\"width:200px\"><label>E-mail&nbsp;<em>*<\/em><\/label><\/td>\n\t\t\t\t\t\t<td><input type=\"text\" name=\"text-5d13512e50308\" id=\"text-5d13512e50308\" style=\"width:300px;\" placeholder=\"\" \/><\/td>\n\t\t\t\t\t<\/tr><\/table>\n\t\t\t\t\t\t\t<\/li>\n\t\t\t\t\t\t<li id=\"fm-item-separator-5d13522fa1ce3\">\n\t\t\t\t\t\t\t\t\t<table><tr>\n\t\t\t\t\t\t<td style=\"width:200px\"><label>2. Author<\/label><\/td>\n\t\t\t\t\t\t<td><hr \/><\/td>\n\t\t\t\t\t<\/tr><\/table>\n\t\t\t\t\t\t\t<\/li>\n\t\t\t\t\t\t<li id=\"fm-item-custom_list-5d135bb95f75d\">\n\t\t\t\t\t\t\t\t\t<table><tr>\n\t\t\t\t\t\t<td style=\"width:200px\"><label>Title<\/label><\/td>\n\t\t\t\t\t\t<td><select name=\"custom_list-5d135bb95f75d\" id=\"custom_list-5d135bb95f75d\" style=\"width:px;\" ><option value=\"0\">Prof.<\/option><option value=\"1\">Assoc. Prof.<\/option><option value=\"2\">Assist. Prof.<\/option><option value=\"3\">Ph.D.<\/option><option value=\"4\">Research Assistant<\/option><option value=\"5\">Lecturer<\/option><option value=\"6\">Mr.<\/option><option value=\"7\">Mrs.<\/option><\/select><input type=\"hidden\" id=\"custom_list-5d135bb95f75d-list-style\" value=\"select\" \/><input type=\"hidden\" id=\"custom_list-5d135bb95f75d-count\" value=\"8\" \/><\/td>\n\t\t\t\t\t<\/tr><\/table>\n\t\t\t\t\t\t\t<\/li>\n\t\t\t\t\t\t<li id=\"fm-item-text-5d1351e80f33c\">\n\t\t\t\t\t\t\t\t\t<table><tr>\n\t\t\t\t\t\t<td style=\"width:200px\"><label>Name Surname<\/label><\/td>\n\t\t\t\t\t\t<td><input type=\"text\" name=\"text-5d1351e80f33c\" id=\"text-5d1351e80f33c\" style=\"width:300px;\" placeholder=\"\" \/><\/td>\n\t\t\t\t\t<\/tr><\/table>\n\t\t\t\t\t\t\t<\/li>\n\t\t\t\t\t\t<li id=\"fm-item-text-5d1351e91490b\">\n\t\t\t\t\t\t\t\t\t<table><tr>\n\t\t\t\t\t\t<td style=\"width:200px\"><label>Affilation<\/label><\/td>\n\t\t\t\t\t\t<td><input type=\"text\" name=\"text-5d1351e91490b\" id=\"text-5d1351e91490b\" style=\"width:300px;\" placeholder=\"\" \/><\/td>\n\t\t\t\t\t<\/tr><\/table>\n\t\t\t\t\t\t\t<\/li>\n\t\t\t\t\t\t<li id=\"fm-item-text-5d1351e9de3c1\">\n\t\t\t\t\t\t\t\t\t<table><tr>\n\t\t\t\t\t\t<td style=\"width:200px\"><label>E-mail<\/label><\/td>\n\t\t\t\t\t\t<td><input type=\"text\" name=\"text-5d1351e9de3c1\" id=\"text-5d1351e9de3c1\" style=\"width:300px;\" placeholder=\"\" \/><\/td>\n\t\t\t\t\t<\/tr><\/table>\n\t\t\t\t\t\t\t<\/li>\n\t\t\t\t\t\t<li id=\"fm-item-separator-5d1352db7cac5\">\n\t\t\t\t\t\t\t\t\t<table><tr>\n\t\t\t\t\t\t<td style=\"width:200px\"><label>3. Author<\/label><\/td>\n\t\t\t\t\t\t<td><hr \/><\/td>\n\t\t\t\t\t<\/tr><\/table>\n\t\t\t\t\t\t\t<\/li>\n\t\t\t\t\t\t<li id=\"fm-item-custom_list-5d135bba0c635\">\n\t\t\t\t\t\t\t\t\t<table><tr>\n\t\t\t\t\t\t<td style=\"width:200px\"><label>Title<\/label><\/td>\n\t\t\t\t\t\t<td><select name=\"custom_list-5d135bba0c635\" id=\"custom_list-5d135bba0c635\" style=\"width:px;\" ><option value=\"0\">Prof.<\/option><option value=\"1\">Assoc. Prof.<\/option><option value=\"2\">Assist. Prof.<\/option><option value=\"3\">Ph.D.<\/option><option value=\"4\">Research Assistant<\/option><option value=\"5\">Lecturer<\/option><option value=\"6\">Mr.<\/option><option value=\"7\">Mrs.<\/option><\/select><input type=\"hidden\" id=\"custom_list-5d135bba0c635-list-style\" value=\"select\" \/><input type=\"hidden\" id=\"custom_list-5d135bba0c635-count\" value=\"8\" \/><\/td>\n\t\t\t\t\t<\/tr><\/table>\n\t\t\t\t\t\t\t<\/li>\n\t\t\t\t\t\t<li id=\"fm-item-text-5d1351ed188cd\">\n\t\t\t\t\t\t\t\t\t<table><tr>\n\t\t\t\t\t\t<td style=\"width:200px\"><label>Name Surname<\/label><\/td>\n\t\t\t\t\t\t<td><input type=\"text\" name=\"text-5d1351ed188cd\" id=\"text-5d1351ed188cd\" style=\"width:300px;\" placeholder=\"\" \/><\/td>\n\t\t\t\t\t<\/tr><\/table>\n\t\t\t\t\t\t\t<\/li>\n\t\t\t\t\t\t<li id=\"fm-item-text-5d1351ede000b\">\n\t\t\t\t\t\t\t\t\t<table><tr>\n\t\t\t\t\t\t<td style=\"width:200px\"><label>Affilation<\/label><\/td>\n\t\t\t\t\t\t<td><input type=\"text\" name=\"text-5d1351ede000b\" id=\"text-5d1351ede000b\" style=\"width:300px;\" placeholder=\"\" \/><\/td>\n\t\t\t\t\t<\/tr><\/table>\n\t\t\t\t\t\t\t<\/li>\n\t\t\t\t\t\t<li id=\"fm-item-text-5d1351ee8620c\">\n\t\t\t\t\t\t\t\t\t<table><tr>\n\t\t\t\t\t\t<td style=\"width:200px\"><label>E-mail<\/label><\/td>\n\t\t\t\t\t\t<td><input type=\"text\" name=\"text-5d1351ee8620c\" id=\"text-5d1351ee8620c\" style=\"width:300px;\" placeholder=\"\" \/><\/td>\n\t\t\t\t\t<\/tr><\/table>\n\t\t\t\t\t\t\t<\/li>\n\t\t\t\t\t\t<li id=\"fm-item-separator-5d1352e21c5f1\">\n\t\t\t\t\t\t\t\t\t<table><tr>\n\t\t\t\t\t\t<td style=\"width:200px\"><label>4. Author<\/label><\/td>\n\t\t\t\t\t\t<td><hr \/><\/td>\n\t\t\t\t\t<\/tr><\/table>\n\t\t\t\t\t\t\t<\/li>\n\t\t\t\t\t\t<li id=\"fm-item-custom_list-5d135bba8e817\">\n\t\t\t\t\t\t\t\t\t<table><tr>\n\t\t\t\t\t\t<td style=\"width:200px\"><label>Title<\/label><\/td>\n\t\t\t\t\t\t<td><select name=\"custom_list-5d135bba8e817\" id=\"custom_list-5d135bba8e817\" style=\"width:px;\" ><option value=\"0\">Prof.<\/option><option value=\"1\">Assoc. Prof.<\/option><option value=\"2\">Assist. Prof.<\/option><option value=\"3\">Ph.D.<\/option><option value=\"4\">Research Assistant<\/option><option value=\"5\">Lecturer<\/option><option value=\"6\">Mr.<\/option><option value=\"7\">Mrs.<\/option><\/select><input type=\"hidden\" id=\"custom_list-5d135bba8e817-list-style\" value=\"select\" \/><input type=\"hidden\" id=\"custom_list-5d135bba8e817-count\" value=\"8\" \/><\/td>\n\t\t\t\t\t<\/tr><\/table>\n\t\t\t\t\t\t\t<\/li>\n\t\t\t\t\t\t<li id=\"fm-item-text-5d1351f08ee4d\">\n\t\t\t\t\t\t\t\t\t<table><tr>\n\t\t\t\t\t\t<td style=\"width:200px\"><label>Name Surname<\/label><\/td>\n\t\t\t\t\t\t<td><input type=\"text\" name=\"text-5d1351f08ee4d\" id=\"text-5d1351f08ee4d\" style=\"width:300px;\" placeholder=\"\" \/><\/td>\n\t\t\t\t\t<\/tr><\/table>\n\t\t\t\t\t\t\t<\/li>\n\t\t\t\t\t\t<li id=\"fm-item-text-5d1351f133a3a\">\n\t\t\t\t\t\t\t\t\t<table><tr>\n\t\t\t\t\t\t<td style=\"width:200px\"><label>Affilation<\/label><\/td>\n\t\t\t\t\t\t<td><input type=\"text\" name=\"text-5d1351f133a3a\" id=\"text-5d1351f133a3a\" style=\"width:300px;\" placeholder=\"\" \/><\/td>\n\t\t\t\t\t<\/tr><\/table>\n\t\t\t\t\t\t\t<\/li>\n\t\t\t\t\t\t<li id=\"fm-item-text-5d1351f1a9b1a\">\n\t\t\t\t\t\t\t\t\t<table><tr>\n\t\t\t\t\t\t<td style=\"width:200px\"><label>E-mail<\/label><\/td>\n\t\t\t\t\t\t<td><input type=\"text\" name=\"text-5d1351f1a9b1a\" id=\"text-5d1351f1a9b1a\" style=\"width:300px;\" placeholder=\"\" \/><\/td>\n\t\t\t\t\t<\/tr><\/table>\n\t\t\t\t\t\t\t<\/li>\n\t\t\t\t\t\t<li id=\"fm-item-separator-5d135400d56af\">\n\t\t\t\t\t\t\t\t\t<table><tr>\n\t\t\t\t\t\t<td style=\"width:200px\"><label>Submission<\/label><\/td>\n\t\t\t\t\t\t<td><hr \/><\/td>\n\t\t\t\t\t<\/tr><\/table>\n\t\t\t\t\t\t\t<\/li>\n\t\t\t\t\t\t<li id=\"fm-item-text-5d135355348f5\">\n\t\t\t\t\t\t\t\t\t<table><tr>\n\t\t\t\t\t\t<td style=\"width:200px\"><label>Title&nbsp;<em>*<\/em><\/label><\/td>\n\t\t\t\t\t\t<td><input type=\"text\" name=\"text-5d135355348f5\" id=\"text-5d135355348f5\" style=\"width:300px;\" placeholder=\"\" \/><\/td>\n\t\t\t\t\t<\/tr><\/table>\n\t\t\t\t\t\t\t<\/li>\n\t\t\t\t\t\t<li id=\"fm-item-textarea-5d135355d8d0e\">\n\t\t\t\t\t\t\t\t\t<table><tr>\n\t\t\t\t\t\t<td style=\"width:200px\"><label>Abstract&nbsp;<em>*<\/em><\/label><\/td>\n\t\t\t\t\t\t<td><textarea name=\"textarea-5d135355d8d0e\" id=\"textarea-5d135355d8d0e\" style=\"width:300px;height:100px;\" placeholder=\"\"><\/textarea><\/td>\n\t\t\t\t\t<\/tr><\/table>\n\t\t\t\t\t\t\t<\/li>\n\t\t\t\t\t\t<li id=\"fm-item-text-5d13535b7d682\">\n\t\t\t\t\t\t\t\t\t<table><tr>\n\t\t\t\t\t\t<td style=\"width:200px\"><label>Keywords&nbsp;<em>*<\/em><\/label><\/td>\n\t\t\t\t\t\t<td><input type=\"text\" name=\"text-5d13535b7d682\" id=\"text-5d13535b7d682\" style=\"width:300px;\" placeholder=\"Please use comma separated keywords\" \/><\/td>\n\t\t\t\t\t<\/tr><\/table>\n\t\t\t\t\t\t\t<\/li>\n\t\t\t\t\t\t<li id=\"fm-item-text-5d135813d379f\">\n\t\t\t\t\t\t\t\t\t<table><tr>\n\t\t\t\t\t\t<td style=\"width:200px\"><label>Ba\u015fl\u0131k<\/label><\/td>\n\t\t\t\t\t\t<td><input type=\"text\" name=\"text-5d135813d379f\" id=\"text-5d135813d379f\" style=\"width:300px;\" placeholder=\"\" \/><\/td>\n\t\t\t\t\t<\/tr><\/table>\n\t\t\t\t\t\t\t<\/li>\n\t\t\t\t\t\t<li id=\"fm-item-textarea-5d13581458d59\">\n\t\t\t\t\t\t\t\t\t<table><tr>\n\t\t\t\t\t\t<td style=\"width:200px\"><label>\u00d6zet<\/label><\/td>\n\t\t\t\t\t\t<td><textarea name=\"textarea-5d13581458d59\" id=\"textarea-5d13581458d59\" style=\"width:300px;height:100px;\" placeholder=\"\"><\/textarea><\/td>\n\t\t\t\t\t<\/tr><\/table>\n\t\t\t\t\t\t\t<\/li>\n\t\t\t\t\t\t<li id=\"fm-item-text-5d135817a8328\">\n\t\t\t\t\t\t\t\t\t<table><tr>\n\t\t\t\t\t\t<td style=\"width:200px\"><label>Anahtar Kelimeler<\/label><\/td>\n\t\t\t\t\t\t<td><input type=\"text\" name=\"text-5d135817a8328\" id=\"text-5d135817a8328\" style=\"width:300px;\" placeholder=\"L\u00fctfen virg\u00fcl ile ayr\u0131lm\u015f anahtar kelimeleri yaz\u0131n\u0131z.\" \/><\/td>\n\t\t\t\t\t<\/tr><\/table>\n\t\t\t\t\t\t\t<\/li>\n\t\t\t\t\t\t<li id=\"fm-item-file-5d134cbdacffe\">\n\t\t\t\t\t\t\t\t\t<table><tr>\n\t\t\t\t\t\t<td style=\"width:200px\"><label>Full Text<\/label><\/td>\n\t\t\t\t\t\t<td><input type=\"hidden\" name=\"MAX_FILE_SIZE\" value=\"10240000\" \/><input name=\"file-5d134cbdacffe\" id=\"file-5d134cbdacffe\" type=\"file\" \/><\/td>\n\t\t\t\t\t<\/tr><\/table>\n\t\t\t\t\t\t\t<\/li>\n\t\t\t\t\t<\/ul>\n\n\t\t<div>\n\t\t <input type=\"submit\" name=\"fm_form_submit\" id=\"fm_form_submit\" class=\"submit\" value=\"Submit\" onclick=\"return fm_submit_onclick(1)\"  \/>\n\t\t<\/div>\n\n\t<\/fieldset>\n\t<input type=\"hidden\" name=\"fm_nonce\" id=\"fm_nonce\" value=\"bdaa8e209e\" \/>\n<input type=\"hidden\" name=\"fm_id\" id=\"fm_id\" value=\"1\" \/>\n<input type=\"hidden\" name=\"fm_uniq_id\" id=\"fm_uniq_id\" value=\"fm-69de21a06465f\" \/>\n<input type=\"hidden\" name=\"fm_parent_post_id\" id=\"fm_parent_post_id\" value=\"73\" \/>\n<\/form>\n\n<\/div>\n<\/div><\/div><\/div><div id=\"pgc-gb73-69de21a063568-0-1\"  class=\"panel-grid-cell\" ><div id=\"panel-gb73-69de21a063568-0-1-0\" class=\"so-panel widget widget_sow-editor panel-first-child panel-last-child\" data-index=\"1\" ><div class=\"so-widget-sow-editor so-widget-sow-editor-base\">\n<div class=\"siteorigin-widget-tinymce textwidget\">\n\t<p style=\"text-align: center;\"><img loading=\"lazy\" class=\"aligncenter size-thumbnail wp-image-5\" src=\"http:\/\/icftl.ulk.ist\/2019\/wp-content\/uploads\/2019\/06\/ulk-Custom-150x150.png\" alt=\"Ula\u015ft\u0131rma ve Lojistik Kongreleri\" width=\"150\" height=\"150\" \/><\/p>\n<ul>\n<li>Deadline for submission is September 10, 2019.<\/li>\n<li>Abstract must be written in English or Turkish languages.<\/li>\n<li>Abstract must contain title, abstract text and keywords.<\/li>\n<li>Full paper submission is <strong>optional<\/strong>.<\/li>\n<li><a href=\"http:\/\/icftl.ulk.ist\/2019\/wp-content\/uploads\/2019\/06\/Full_Paper_Template_EN.docx\">Full paper template<\/a> (for English manuscripts)<\/li>\n<li><a href=\"http:\/\/icftl.ulk.ist\/2019\/wp-content\/uploads\/2019\/06\/Full_Paper_Template_TR.docx\">Full paper template<\/a> (for Turkish manuscripts)<\/li>\n<li>Only .doc, .docx or .rtf type of documents are allowed for full paper submission.<\/li>\n<li>The Congress Committee will review the abstract\/full text.<\/li>\n<li>Notification of acceptance or rejection of the abstract\/full text will be sent to the submitting author within <strong>10 days<\/strong>.<\/li>\n<li>Please check that your email address is correct as it will be used for contacting you after the review process.<\/li>\n<li>To receive a confirmation email after you have submitted your abstract\/full text, please add <a href=\"mailto:ulk@istanbul.edu.tr\">ulk@istanbul.edu.tr<\/a> to your address book.<\/li>\n<\/ul>\n<\/div>\n<\/div><\/div><\/div><\/div><\/div>","protected":false},"excerpt":{"rendered":"<p>Deadline for submission is September 10, 2019. Abstract must be written in English or Turkish languages. Abstract must contain title, [&hellip;]<\/p>\n","protected":false},"author":1,"featured_media":0,"parent":11,"menu_order":0,"comment_status":"closed","ping_status":"closed","template":"","meta":[],"_links":{"self":[{"href":"http:\/\/icftl.ulk.ist\/2019\/wp-json\/wp\/v2\/pages\/73"}],"collection":[{"href":"http:\/\/icftl.ulk.ist\/2019\/wp-json\/wp\/v2\/pages"}],"about":[{"href":"http:\/\/icftl.ulk.ist\/2019\/wp-json\/wp\/v2\/types\/page"}],"author":[{"embeddable":true,"href":"http:\/\/icftl.ulk.ist\/2019\/wp-json\/wp\/v2\/users\/1"}],"replies":[{"embeddable":true,"href":"http:\/\/icftl.ulk.ist\/2019\/wp-json\/wp\/v2\/comments?post=73"}],"version-history":[{"count":8,"href":"http:\/\/icftl.ulk.ist\/2019\/wp-json\/wp\/v2\/pages\/73\/revisions"}],"predecessor-version":[{"id":163,"href":"http:\/\/icftl.ulk.ist\/2019\/wp-json\/wp\/v2\/pages\/73\/revisions\/163"}],"up":[{"embeddable":true,"href":"http:\/\/icftl.ulk.ist\/2019\/wp-json\/wp\/v2\/pages\/11"}],"wp:attachment":[{"href":"http:\/\/icftl.ulk.ist\/2019\/wp-json\/wp\/v2\/media?parent=73"}],"curies":[{"name":"wp","href":"https:\/\/api.w.org\/{rel}","templated":true}]}}